{"id":20040,"date":"2025-11-03T08:05:06","date_gmt":"2025-11-03T08:05:06","guid":{"rendered":"https:\/\/ilist.devstagings.com\/unsere-agenten-partner\/"},"modified":"2025-12-09T10:04:16","modified_gmt":"2025-12-09T10:04:16","slug":"unsere-agenten-partner","status":"publish","type":"page","link":"https:\/\/ilist.devstagings.com\/de\/unsere-agenten-partner\/","title":{"rendered":"Unsere Agenten &amp; Partner<br>"},"content":{"rendered":"\t\t<div data-elementor-type=\"wp-page\" data-elementor-id=\"20040\" class=\"elementor elementor-20040 elementor-652\" data-elementor-post-type=\"page\">\n\t\t\t\t<div class=\"elementor-element elementor-element-0c86565 e-flex e-con-boxed e-con e-parent\" data-id=\"0c86565\" data-element_type=\"container\" data-e-type=\"container\" data-settings=\"{&quot;background_background&quot;:&quot;classic&quot;}\">\n\t\t\t\t\t<div class=\"e-con-inner\">\n\t\t\t\t<div class=\"elementor-element elementor-element-1591d79 elementor-widget elementor-widget-heading\" data-id=\"1591d79\" data-element_type=\"widget\" data-e-type=\"widget\" data-widget_type=\"heading.default\">\n\t\t\t\t\t<h1 class=\"elementor-heading-title elementor-size-default\">Unsere Agenten &amp; Partner<\/h1>\t\t\t\t<\/div>\n\t\t\t\t<div class=\"elementor-element elementor-element-1ed3d80 elementor-widget__width-initial elementor-widget elementor-widget-text-editor\" data-id=\"1ed3d80\" data-element_type=\"widget\" data-e-type=\"widget\" data-widget_type=\"text-editor.default\">\n\t\t\t\t\t\t\t\t\tIhr vertrauensw\u00fcrdiges Immobilien-Team in Halkidiki und dar\u00fcber hinaus.<br>\t\t\t\t\t\t\t\t<\/div>\n\t\t\t\t\t<\/div>\n\t\t\t\t<\/div>\n\t\t<div class=\"elementor-element elementor-element-1608978 e-con-full e-flex e-con e-parent\" data-id=\"1608978\" data-element_type=\"container\" data-e-type=\"container\">\n\t\t<div class=\"elementor-element elementor-element-f1ec841 e-con-full e-flex e-con e-child\" data-id=\"f1ec841\" data-element_type=\"container\" data-e-type=\"container\">\n\t\t\t\t<div class=\"elementor-element elementor-element-9fe59be elementor-widget elementor-widget-image\" data-id=\"9fe59be\" data-element_type=\"widget\" data-e-type=\"widget\" data-widget_type=\"image.default\">\n\t\t\t\t\t\t\t\t\t\t\t\t\t\t\t<img fetchpriority=\"high\" decoding=\"async\" width=\"720\" height=\"612\" src=\"https:\/\/ilist.devstagings.com\/wp-content\/uploads\/2025\/11\/Placeholder-Image-min.png\" class=\"attachment-large size-large wp-image-20028\" alt=\"\" \/>\t\t\t\t\t\t\t\t\t\t\t\t\t\t\t<\/div>\n\t\t\t\t<\/div>\n\t\t<div class=\"elementor-element elementor-element-419d3d4 e-con-full e-flex e-con e-child\" data-id=\"419d3d4\" data-element_type=\"container\" data-e-type=\"container\">\n\t\t<div class=\"elementor-element elementor-element-500fb86 e-con-full e-flex e-con e-child\" data-id=\"500fb86\" data-element_type=\"container\" data-e-type=\"container\">\n\t\t\t\t<div class=\"elementor-element elementor-element-ff0a226 elementor-widget elementor-widget-heading\" data-id=\"ff0a226\" data-element_type=\"widget\" data-e-type=\"widget\" data-widget_type=\"heading.default\">\n\t\t\t\t\t<h2 class=\"elementor-heading-title elementor-size-default\">Susan Jameson<\/h2>\t\t\t\t<\/div>\n\t\t\t\t<div class=\"elementor-element elementor-element-0f0f34b elementor-widget elementor-widget-text-editor\" data-id=\"0f0f34b\" data-element_type=\"widget\" data-e-type=\"widget\" data-widget_type=\"text-editor.default\">\n\t\t\t\t\t\t\t\t\tGr\u00fcnderin &amp; leitende Maklerin<br>\t\t\t\t\t\t\t\t<\/div>\n\t\t\t\t<div class=\"elementor-element elementor-element-b64bb09 elementor-widget-divider--view-line elementor-widget elementor-widget-divider\" data-id=\"b64bb09\" data-element_type=\"widget\" data-e-type=\"widget\" data-widget_type=\"divider.default\">\n\t\t\t\t\t\t\t<div class=\"elementor-divider\">\n\t\t\t<span class=\"elementor-divider-separator\">\n\t\t\t\t\t\t<\/span>\n\t\t<\/div>\n\t\t\t\t\t\t<\/div>\n\t\t\t\t<div class=\"elementor-element elementor-element-91e5871 elementor-widget elementor-widget-text-editor\" data-id=\"91e5871\" data-element_type=\"widget\" data-e-type=\"widget\" data-widget_type=\"text-editor.default\">\n\t\t\t\t\t\t\t\t\tMit \u00fcber 15 Jahren Erfahrung in luxuri\u00f6sen K\u00fcstenimmobilien f\u00fchrt Susan die Agentur mit tiefem lokalem Einblick und internationaler Kundenbasis.<br> Ihr pers\u00f6nlicher Ansatz und unvergleichliche Verhandlungsf\u00e4higkeiten haben sie zu einer der Top-Maklerinnen in Halkidiki gemacht.\t\t\t\t\t\t\t\t<\/div>\n\t\t\t\t<div class=\"elementor-element elementor-element-19c38c8 elementor-widget elementor-widget-text-editor\" data-id=\"19c38c8\" data-element_type=\"widget\" data-e-type=\"widget\" data-widget_type=\"text-editor.default\">\n\t\t\t\t\t\t\t\t\t<p>susan@susanjamesonestates.com<\/p>\t\t\t\t\t\t\t\t<\/div>\n\t\t\t\t<div class=\"elementor-element elementor-element-c741b97 elementor-widget elementor-widget-text-editor\" data-id=\"c741b97\" data-element_type=\"widget\" data-e-type=\"widget\" data-widget_type=\"text-editor.default\">\n\t\t\t\t\t\t\t\t\t+30 23740 63603\t\t\t\t\t\t\t\t<\/div>\n\t\t\t\t<\/div>\n\t\t\t\t<\/div>\n\t\t\t\t<\/div>\n\t\t<div class=\"elementor-element elementor-element-7b71ed5 e-con-full e-flex e-con e-parent\" data-id=\"7b71ed5\" data-element_type=\"container\" data-e-type=\"container\">\n\t\t<div class=\"elementor-element elementor-element-000e93c e-con-full e-flex e-con e-child\" data-id=\"000e93c\" data-element_type=\"container\" data-e-type=\"container\" data-settings=\"{&quot;background_background&quot;:&quot;classic&quot;}\">\n\t\t<div class=\"elementor-element elementor-element-2fa00fc e-con-full e-flex e-con e-child\" data-id=\"2fa00fc\" data-element_type=\"container\" data-e-type=\"container\">\n\t\t\t\t<div class=\"elementor-element elementor-element-19cedc6 elementor-widget elementor-widget-heading\" data-id=\"19cedc6\" data-element_type=\"widget\" data-e-type=\"widget\" data-widget_type=\"heading.default\">\n\t\t\t\t\t<h2 class=\"elementor-heading-title elementor-size-default\">Gena Bardhi<\/h2>\t\t\t\t<\/div>\n\t\t\t\t<div class=\"elementor-element elementor-element-ae2cb53 elementor-widget elementor-widget-text-editor\" data-id=\"ae2cb53\" data-element_type=\"widget\" data-e-type=\"widget\" data-widget_type=\"text-editor.default\">\n\t\t\t\t\t\t\t\t\tKundenbetreuung\t\t\t\t\t\t\t\t<\/div>\n\t\t\t\t<div class=\"elementor-element elementor-element-7152af8 elementor-widget-divider--view-line elementor-widget elementor-widget-divider\" data-id=\"7152af8\" data-element_type=\"widget\" data-e-type=\"widget\" data-widget_type=\"divider.default\">\n\t\t\t\t\t\t\t<div class=\"elementor-divider\">\n\t\t\t<span class=\"elementor-divider-separator\">\n\t\t\t\t\t\t<\/span>\n\t\t<\/div>\n\t\t\t\t\t\t<\/div>\n\t\t\t\t<div class=\"elementor-element elementor-element-29ac47e elementor-widget elementor-widget-text-editor\" data-id=\"29ac47e\" data-element_type=\"widget\" data-e-type=\"widget\" data-widget_type=\"text-editor.default\">\n\t\t\t\t\t\t\t\t\tGena bietet au\u00dfergew\u00f6hnlichen Kundenservice und unterst\u00fctzt Kunden w\u00e4hrend des gesamten Kauf- und Verkaufsprozesses mit Sorgfalt, Effizienz und Liebe zum Detail.\t\t\t\t\t\t\t\t<\/div>\n\t\t\t\t<div class=\"elementor-element elementor-element-a61d6dc elementor-widget elementor-widget-text-editor\" data-id=\"a61d6dc\" data-element_type=\"widget\" data-e-type=\"widget\" data-widget_type=\"text-editor.default\">\n\t\t\t\t\t\t\t\t\t+30 697 223 1123\t\t\t\t\t\t\t\t<\/div>\n\t\t\t\t<\/div>\n\t\t\t\t<\/div>\n\t\t<div class=\"elementor-element elementor-element-2e64f94 e-con-full e-flex e-con e-child\" data-id=\"2e64f94\" data-element_type=\"container\" data-e-type=\"container\">\n\t\t\t\t<div class=\"elementor-element elementor-element-cce1ed3 elementor-widget elementor-widget-image\" data-id=\"cce1ed3\" data-element_type=\"widget\" data-e-type=\"widget\" data-widget_type=\"image.default\">\n\t\t\t\t\t\t\t\t\t\t\t\t\t\t\t<img decoding=\"async\" width=\"720\" height=\"612\" src=\"https:\/\/ilist.devstagings.com\/wp-content\/uploads\/2025\/11\/Placeholder-Image2.png\" class=\"attachment-large size-large wp-image-20029\" alt=\"\" \/>\t\t\t\t\t\t\t\t\t\t\t\t\t\t\t<\/div>\n\t\t\t\t<\/div>\n\t\t\t\t<\/div>\n\t\t<div class=\"elementor-element elementor-element-74660cd e-con-full e-flex e-con e-parent\" data-id=\"74660cd\" data-element_type=\"container\" data-e-type=\"container\">\n\t\t<div class=\"elementor-element elementor-element-6e60cb2 e-con-full e-flex e-con e-child\" data-id=\"6e60cb2\" data-element_type=\"container\" data-e-type=\"container\">\n\t\t\t\t<div class=\"elementor-element elementor-element-b11e4f5 elementor-widget elementor-widget-image\" data-id=\"b11e4f5\" data-element_type=\"widget\" data-e-type=\"widget\" data-widget_type=\"image.default\">\n\t\t\t\t\t\t\t\t\t\t\t\t\t\t\t<img decoding=\"async\" width=\"720\" height=\"612\" src=\"https:\/\/ilist.devstagings.com\/wp-content\/uploads\/2025\/11\/Placeholder-Image3.png\" class=\"attachment-large size-large wp-image-20030\" alt=\"\" \/>\t\t\t\t\t\t\t\t\t\t\t\t\t\t\t<\/div>\n\t\t\t\t<\/div>\n\t\t<div class=\"elementor-element elementor-element-f3fd765 e-con-full e-flex e-con e-child\" data-id=\"f3fd765\" data-element_type=\"container\" data-e-type=\"container\">\n\t\t<div class=\"elementor-element elementor-element-4da7fe1 e-con-full e-flex e-con e-child\" data-id=\"4da7fe1\" data-element_type=\"container\" data-e-type=\"container\">\n\t\t\t\t<div class=\"elementor-element elementor-element-27fbcd3 elementor-widget elementor-widget-heading\" data-id=\"27fbcd3\" data-element_type=\"widget\" data-e-type=\"widget\" data-widget_type=\"heading.default\">\n\t\t\t\t\t<h2 class=\"elementor-heading-title elementor-size-default\">Anastasia Koukoudimou<\/h2>\t\t\t\t<\/div>\n\t\t\t\t<div class=\"elementor-element elementor-element-f1b3c13 elementor-widget elementor-widget-text-editor\" data-id=\"f1b3c13\" data-element_type=\"widget\" data-e-type=\"widget\" data-widget_type=\"text-editor.default\">\n\t\t\t\t\t\t\t\t\tNotarpartner<br>\t\t\t\t\t\t\t\t<\/div>\n\t\t\t\t<div class=\"elementor-element elementor-element-689fc57 elementor-widget-divider--view-line elementor-widget elementor-widget-divider\" data-id=\"689fc57\" data-element_type=\"widget\" data-e-type=\"widget\" data-widget_type=\"divider.default\">\n\t\t\t\t\t\t\t<div class=\"elementor-divider\">\n\t\t\t<span class=\"elementor-divider-separator\">\n\t\t\t\t\t\t<\/span>\n\t\t<\/div>\n\t\t\t\t\t\t<\/div>\n\t\t\t\t<div class=\"elementor-element elementor-element-cde624a elementor-widget elementor-widget-text-editor\" data-id=\"cde624a\" data-element_type=\"widget\" data-e-type=\"widget\" data-widget_type=\"text-editor.default\">\n\t\t\t\t\t\t\t\t\tAnastasia arbeitet mit der Agentur zusammen, um alle rechtlichen Unterlagen und Immobilienvertr\u00e4ge zu bearbeiten und sicherzustellen, dass jede Transaktion transparent und gesetzeskonform nach griechischem Recht ist.<br>\t\t\t\t\t\t\t\t<\/div>\n\t\t\t\t<div class=\"elementor-element elementor-element-f35d3c1 elementor-widget elementor-widget-text-editor\" data-id=\"f35d3c1\" data-element_type=\"widget\" data-e-type=\"widget\" data-widget_type=\"text-editor.default\">\n\t\t\t\t\t\t\t\t\t+30 698 550 8911\t\t\t\t\t\t\t\t<\/div>\n\t\t\t\t<\/div>\n\t\t\t\t<\/div>\n\t\t\t\t<\/div>\n\t\t<div class=\"elementor-element elementor-element-94cb567 e-con-full e-flex e-con e-parent\" data-id=\"94cb567\" data-element_type=\"container\" data-e-type=\"container\">\n\t\t<div class=\"elementor-element elementor-element-cf2511f e-con-full e-flex e-con e-child\" data-id=\"cf2511f\" data-element_type=\"container\" data-e-type=\"container\" data-settings=\"{&quot;background_background&quot;:&quot;classic&quot;}\">\n\t\t<div class=\"elementor-element elementor-element-0372d8b e-con-full e-flex e-con e-child\" data-id=\"0372d8b\" data-element_type=\"container\" data-e-type=\"container\">\n\t\t\t\t<div class=\"elementor-element elementor-element-cb5b900 elementor-widget elementor-widget-heading\" data-id=\"cb5b900\" data-element_type=\"widget\" data-e-type=\"widget\" data-widget_type=\"heading.default\">\n\t\t\t\t\t<h2 class=\"elementor-heading-title elementor-size-default\">FengPing Li<br><\/h2>\t\t\t\t<\/div>\n\t\t\t\t<div class=\"elementor-element elementor-element-63d8355 elementor-widget elementor-widget-text-editor\" data-id=\"63d8355\" data-element_type=\"widget\" data-e-type=\"widget\" data-widget_type=\"text-editor.default\">\n\t\t\t\t\t\t\t\t\tPartner f\u00fcr den chinesischen Markt\t\t\t\t\t\t\t\t<\/div>\n\t\t\t\t<div class=\"elementor-element elementor-element-31da513 elementor-widget-divider--view-line elementor-widget elementor-widget-divider\" data-id=\"31da513\" data-element_type=\"widget\" data-e-type=\"widget\" data-widget_type=\"divider.default\">\n\t\t\t\t\t\t\t<div class=\"elementor-divider\">\n\t\t\t<span class=\"elementor-divider-separator\">\n\t\t\t\t\t\t<\/span>\n\t\t<\/div>\n\t\t\t\t\t\t<\/div>\n\t\t\t\t<div class=\"elementor-element elementor-element-0b61a4b elementor-widget elementor-widget-text-editor\" data-id=\"0b61a4b\" data-element_type=\"widget\" data-e-type=\"widget\" data-widget_type=\"text-editor.default\">\n\t\t\t\t\t\t\t\t\tFengPing ist auf die Betreuung chinesischer Investoren spezialisiert, die Immobilienm\u00f6glichkeiten in Griechenland suchen.<br> Sie bietet engagierte zweisprachige Unterst\u00fctzung und Marktberatung f\u00fcr einen reibungslosen Immobilienerwerb.<br>\t\t\t\t\t\t\t\t<\/div>\n\t\t\t\t<div class=\"elementor-element elementor-element-0169e27 elementor-widget elementor-widget-text-editor\" data-id=\"0169e27\" data-element_type=\"widget\" data-e-type=\"widget\" data-widget_type=\"text-editor.default\">\n\t\t\t\t\t\t\t\t\tTel: +30 2310 510558\t\t\t\t\t\t\t\t<\/div>\n\t\t\t\t<div class=\"elementor-element elementor-element-87dcc0c elementor-widget elementor-widget-text-editor\" data-id=\"87dcc0c\" data-element_type=\"widget\" data-e-type=\"widget\" data-widget_type=\"text-editor.default\">\n\t\t\t\t\t\t\t\t\tMobil: +30 698 226 6666<br>\t\t\t\t\t\t\t\t<\/div>\n\t\t\t\t<div class=\"elementor-element elementor-element-35c5232 elementor-widget elementor-widget-text-editor\" data-id=\"35c5232\" data-element_type=\"widget\" data-e-type=\"widget\" data-widget_type=\"text-editor.default\">\n\t\t\t\t\t\t\t\t\tWeChat: abc15258652666<br>\t\t\t\t\t\t\t\t<\/div>\n\t\t\t\t<\/div>\n\t\t\t\t<\/div>\n\t\t<div class=\"elementor-element elementor-element-57e8ecb e-con-full e-flex e-con e-child\" data-id=\"57e8ecb\" data-element_type=\"container\" data-e-type=\"container\">\n\t\t\t\t<div class=\"elementor-element elementor-element-991ebb9 elementor-widget elementor-widget-image\" data-id=\"991ebb9\" data-element_type=\"widget\" data-e-type=\"widget\" data-widget_type=\"image.default\">\n\t\t\t\t\t\t\t\t\t\t\t\t\t\t\t<img loading=\"lazy\" decoding=\"async\" width=\"720\" height=\"612\" src=\"https:\/\/ilist.devstagings.com\/wp-content\/uploads\/2025\/11\/Placeholder-Image4.png\" class=\"attachment-large size-large wp-image-20031\" alt=\"\" \/>\t\t\t\t\t\t\t\t\t\t\t\t\t\t\t<\/div>\n\t\t\t\t<\/div>\n\t\t\t\t<\/div>\n\t\t<div class=\"elementor-element elementor-element-d48245c e-con-full e-flex e-con e-parent\" data-id=\"d48245c\" data-element_type=\"container\" data-e-type=\"container\">\n\t\t<div class=\"elementor-element elementor-element-f03adc9 e-con-full e-flex e-con e-child\" data-id=\"f03adc9\" data-element_type=\"container\" data-e-type=\"container\">\n\t\t\t\t<div class=\"elementor-element elementor-element-6020cc8 elementor-widget elementor-widget-image\" data-id=\"6020cc8\" data-element_type=\"widget\" data-e-type=\"widget\" data-widget_type=\"image.default\">\n\t\t\t\t\t\t\t\t\t\t\t\t\t\t\t<img loading=\"lazy\" decoding=\"async\" width=\"720\" height=\"612\" src=\"https:\/\/ilist.devstagings.com\/wp-content\/uploads\/2025\/11\/Placeholder-Image.png\" class=\"attachment-large size-large wp-image-20032\" alt=\"\" \/>\t\t\t\t\t\t\t\t\t\t\t\t\t\t\t<\/div>\n\t\t\t\t<\/div>\n\t\t<div class=\"elementor-element elementor-element-20754d6 e-con-full e-flex e-con e-child\" data-id=\"20754d6\" data-element_type=\"container\" data-e-type=\"container\">\n\t\t<div class=\"elementor-element elementor-element-7fa7687 e-con-full e-flex e-con e-child\" data-id=\"7fa7687\" data-element_type=\"container\" data-e-type=\"container\">\n\t\t\t\t<div class=\"elementor-element elementor-element-fa3c814 elementor-widget elementor-widget-heading\" data-id=\"fa3c814\" data-element_type=\"widget\" data-e-type=\"widget\" data-widget_type=\"heading.default\">\n\t\t\t\t\t<h2 class=\"elementor-heading-title elementor-size-default\">Georg Arampatzis<\/h2>\t\t\t\t<\/div>\n\t\t\t\t<div class=\"elementor-element elementor-element-95b9c82 elementor-widget elementor-widget-text-editor\" data-id=\"95b9c82\" data-element_type=\"widget\" data-e-type=\"widget\" data-widget_type=\"text-editor.default\">\n\t\t\t\t\t\t\t\t\tVersicherungspartner<br>\t\t\t\t\t\t\t\t<\/div>\n\t\t\t\t<div class=\"elementor-element elementor-element-002f8cd elementor-widget-divider--view-line elementor-widget elementor-widget-divider\" data-id=\"002f8cd\" data-element_type=\"widget\" data-e-type=\"widget\" data-widget_type=\"divider.default\">\n\t\t\t\t\t\t\t<div class=\"elementor-divider\">\n\t\t\t<span class=\"elementor-divider-separator\">\n\t\t\t\t\t\t<\/span>\n\t\t<\/div>\n\t\t\t\t\t\t<\/div>\n\t\t\t\t<div class=\"elementor-element elementor-element-1bcb231 elementor-widget elementor-widget-text-editor\" data-id=\"1bcb231\" data-element_type=\"widget\" data-e-type=\"widget\" data-widget_type=\"text-editor.default\">\n\t\t\t\t\t\t\t\t\tGeorge arbeitet eng mit Kunden zusammen, um umfassende Immobilienversicherungsl\u00f6sungen bereitzustellen und Hausbesitzern zu helfen, ihre Investitionen durch zuverl\u00e4ssigen Schutz und fachkundige Beratung zu sichern.<br>\t\t\t\t\t\t\t\t<\/div>\n\t\t\t\t<\/div>\n\t\t\t\t<\/div>\n\t\t\t\t<\/div>\n\t\t<div class=\"elementor-element elementor-element-bcd93c9 e-flex e-con-boxed e-con e-parent\" data-id=\"bcd93c9\" data-element_type=\"container\" data-e-type=\"container\" data-settings=\"{&quot;background_background&quot;:&quot;classic&quot;}\">\n\t\t\t\t\t<div class=\"e-con-inner\">\n\t\t\t\t<div class=\"elementor-element elementor-element-7c2c169 elementor-widget elementor-widget-heading\" data-id=\"7c2c169\" data-element_type=\"widget\" data-e-type=\"widget\" data-widget_type=\"heading.default\">\n\t\t\t\t\t<h2 class=\"elementor-heading-title elementor-size-default\">Unser Netzwerk<br><\/h2>\t\t\t\t<\/div>\n\t\t\t\t<div class=\"elementor-element elementor-element-6e0b6d2 elementor-widget__width-initial elementor-widget elementor-widget-text-editor\" data-id=\"6e0b6d2\" data-element_type=\"widget\" data-e-type=\"widget\" data-widget_type=\"text-editor.default\">\n\t\t\t\t\t\t\t\t\tWir arbeiten mit einer ausgew\u00e4hlten Gruppe von Gutachtern, Architekten, Innenarchitekten und Immobilienentwicklern zusammen, die unsere Vision von Qualit\u00e4t und Professionalit\u00e4t teilen.<br> Gemeinsam schaffen wir f\u00fcr jeden Kunden ein nahtloses Immobilienerlebnis \u2013 von der Besichtigung bis zur endg\u00fcltigen Vertragsunterzeichnung.\t\t\t\t\t\t\t\t<\/div>\n\t\t\t\t\t<\/div>\n\t\t\t\t<\/div>\n\t\t\t\t<\/div>\n\t\t","protected":false},"excerpt":{"rendered":"<p>Unsere Agenten &amp; Partner Ihr vertrauensw\u00fcrdiges Immobilien-Team in Halkidiki und dar\u00fcber hinaus. Susan Jameson Gr\u00fcnderin &amp; leitende Maklerin Mit \u00fcber 15 Jahren Erfahrung in luxuri\u00f6sen K\u00fcstenimmobilien f\u00fchrt Susan die Agentur mit tiefem lokalem Einblick und internationaler Kundenbasis. Ihr pers\u00f6nlicher Ansatz und unvergleichliche Verhandlungsf\u00e4higkeiten haben sie zu einer der Top-Maklerinnen in Halkidiki gemacht. susan@susanjamesonestates.com +30 23740 [&hellip;]<\/p>\n","protected":false},"author":1,"featured_media":0,"parent":0,"menu_order":0,"comment_status":"closed","ping_status":"closed","template":"elementor_header_footer","meta":{"_acf_changed":false,"footnotes":""},"class_list":["post-20040","page","type-page","status-publish","hentry"],"acf":[],"_links":{"self":[{"href":"https:\/\/ilist.devstagings.com\/de\/wp-json\/wp\/v2\/pages\/20040","targetHints":{"allow":["GET"]}}],"collection":[{"href":"https:\/\/ilist.devstagings.com\/de\/wp-json\/wp\/v2\/pages"}],"about":[{"href":"https:\/\/ilist.devstagings.com\/de\/wp-json\/wp\/v2\/types\/page"}],"author":[{"embeddable":true,"href":"https:\/\/ilist.devstagings.com\/de\/wp-json\/wp\/v2\/users\/1"}],"replies":[{"embeddable":true,"href":"https:\/\/ilist.devstagings.com\/de\/wp-json\/wp\/v2\/comments?post=20040"}],"version-history":[{"count":1,"href":"https:\/\/ilist.devstagings.com\/de\/wp-json\/wp\/v2\/pages\/20040\/revisions"}],"predecessor-version":[{"id":20041,"href":"https:\/\/ilist.devstagings.com\/de\/wp-json\/wp\/v2\/pages\/20040\/revisions\/20041"}],"wp:attachment":[{"href":"https:\/\/ilist.devstagings.com\/de\/wp-json\/wp\/v2\/media?parent=20040"}],"curies":[{"name":"wp","href":"https:\/\/api.w.org\/{rel}","templated":true}]}}