{"id":19982,"date":"2025-11-03T12:15:17","date_gmt":"2025-11-03T12:15:17","guid":{"rendered":"https:\/\/ilist.devstagings.com\/verkaufen-mit-susan\/"},"modified":"2026-03-07T03:04:31","modified_gmt":"2026-03-07T03:04:31","slug":"verkaufen-mit-susan","status":"publish","type":"page","link":"https:\/\/ilist.devstagings.com\/de\/verkaufen-mit-susan\/","title":{"rendered":"Verkaufen mit Susan<br>"},"content":{"rendered":"\t\t<div data-elementor-type=\"wp-page\" data-elementor-id=\"19982\" class=\"elementor elementor-19982 elementor-934\" data-elementor-post-type=\"page\">\n\t\t\t\t<div class=\"elementor-element elementor-element-98d1a9a e-flex e-con-boxed e-con e-parent\" data-id=\"98d1a9a\" data-element_type=\"container\" data-e-type=\"container\" data-settings=\"{&quot;background_background&quot;:&quot;classic&quot;}\">\n\t\t\t\t\t<div class=\"e-con-inner\">\n\t\t\t\t<div class=\"elementor-element elementor-element-aff098b elementor-widget elementor-widget-heading\" data-id=\"aff098b\" data-element_type=\"widget\" data-e-type=\"widget\" data-widget_type=\"heading.default\">\n\t\t\t\t\t<h1 class=\"elementor-heading-title elementor-size-default\">Verkaufen mit Susan<\/h1>\t\t\t\t<\/div>\n\t\t\t\t<div class=\"elementor-element elementor-element-f1fd1d8 elementor-widget__width-initial elementor-widget elementor-widget-text-editor\" data-id=\"f1fd1d8\" data-element_type=\"widget\" data-e-type=\"widget\" data-widget_type=\"text-editor.default\">\n\t\t\t\t\t\t\t\t\t<p>Ihr Zuhause verdient die beste Vertretung<br><\/p>\t\t\t\t\t\t\t\t<\/div>\n\t\t\t\t\t<\/div>\n\t\t\t\t<\/div>\n\t\t<div class=\"elementor-element elementor-element-62dac8e e-flex e-con-boxed e-con e-parent\" data-id=\"62dac8e\" data-element_type=\"container\" data-e-type=\"container\">\n\t\t\t\t\t<div class=\"e-con-inner\">\n\t\t<div class=\"elementor-element elementor-element-50ce95d e-con-full e-flex e-con e-child\" data-id=\"50ce95d\" data-element_type=\"container\" data-e-type=\"container\">\n\t\t\t\t<div class=\"elementor-element elementor-element-5253a4c elementor-widget elementor-widget-image\" data-id=\"5253a4c\" data-element_type=\"widget\" data-e-type=\"widget\" data-widget_type=\"image.default\">\n\t\t\t\t\t\t\t\t\t\t\t\t\t\t\t<img fetchpriority=\"high\" decoding=\"async\" width=\"653\" height=\"762\" src=\"https:\/\/ilist.devstagings.com\/wp-content\/uploads\/2025\/11\/Placeholder-Image-1.png\" class=\"attachment-full size-full wp-image-19965\" alt=\"\" \/>\t\t\t\t\t\t\t\t\t\t\t\t\t\t\t<\/div>\n\t\t\t\t<\/div>\n\t\t<div class=\"elementor-element elementor-element-ce96a39 e-con-full e-flex e-con e-child\" data-id=\"ce96a39\" data-element_type=\"container\" data-e-type=\"container\">\n\t\t<div class=\"elementor-element elementor-element-8f54ac2 e-con-full e-flex e-con e-child\" data-id=\"8f54ac2\" data-element_type=\"container\" data-e-type=\"container\">\n\t\t\t\t<div class=\"elementor-element elementor-element-fcd3d37 elementor-widget elementor-widget-heading\" data-id=\"fcd3d37\" data-element_type=\"widget\" data-e-type=\"widget\" data-widget_type=\"heading.default\">\n\t\t\t\t\t<h2 class=\"elementor-heading-title elementor-size-default\">Warum mit Susan Jameson verkaufen<br><\/h2>\t\t\t\t<\/div>\n\t\t\t\t<div class=\"elementor-element elementor-element-eda9054 elementor-widget-divider--view-line elementor-widget elementor-widget-divider\" data-id=\"eda9054\" data-element_type=\"widget\" data-e-type=\"widget\" data-widget_type=\"divider.default\">\n\t\t\t\t\t\t\t<div class=\"elementor-divider\">\n\t\t\t<span class=\"elementor-divider-separator\">\n\t\t\t\t\t\t<\/span>\n\t\t<\/div>\n\t\t\t\t\t\t<\/div>\n\t\t\t\t<div class=\"elementor-element elementor-element-8a8bafa elementor-widget elementor-widget-text-editor\" data-id=\"8a8bafa\" data-element_type=\"widget\" data-e-type=\"widget\" data-widget_type=\"text-editor.default\">\n\t\t\t\t\t\t\t\t\t<p>Mit \u00fcber 300 Millionen \u20ac Umsatz in ihrer Karriere und einem un\u00fcbertroffenen Ruf in ganz Halkidiki bringt Susan Jameson Expertise, Marktkenntnis und pers\u00f6nliche Betreuung in jede Transaktion ein.<br> Ihre Ergebnisse sprechen f\u00fcr sich \u2014 rekordverd\u00e4chtige Verk\u00e4ufe, wiederkehrende Kunden und Immobilien, die die Aufmerksamkeit qualifizierter internationaler K\u00e4ufer auf sich ziehen.<br><\/p><p>Mit Susan zu verkaufen bedeutet mehr als nur Ihr Zuhause anzubieten \u2014 es bedeutet strategische Sichtbarkeit, hochwertige Pr\u00e4sentation und reibungslose Ergebnisse.<br><\/p>\t\t\t\t\t\t\t\t<\/div>\n\t\t\t\t<\/div>\n\t\t\t\t<\/div>\n\t\t\t\t\t<\/div>\n\t\t\t\t<\/div>\n\t\t<div class=\"elementor-element elementor-element-898fe06 e-con-full e-flex e-con e-parent\" data-id=\"898fe06\" data-element_type=\"container\" data-e-type=\"container\">\n\t\t<div class=\"elementor-element elementor-element-85eaaa9 e-con-full e-flex e-con e-child\" data-id=\"85eaaa9\" data-element_type=\"container\" data-e-type=\"container\" data-settings=\"{&quot;background_background&quot;:&quot;classic&quot;}\">\n\t\t<div class=\"elementor-element elementor-element-7ca876e e-con-full e-flex e-con e-child\" data-id=\"7ca876e\" data-element_type=\"container\" data-e-type=\"container\">\n\t\t\t\t<div class=\"elementor-element elementor-element-35a55e0 elementor-widget elementor-widget-heading\" data-id=\"35a55e0\" data-element_type=\"widget\" data-e-type=\"widget\" data-widget_type=\"heading.default\">\n\t\t\t\t\t<h2 class=\"elementor-heading-title elementor-size-default\">Was Sie erwarten k\u00f6nnen<\/h2>\t\t\t\t<\/div>\n\t\t\t\t<div class=\"elementor-element elementor-element-ffe678f elementor-icon-list--layout-traditional elementor-list-item-link-full_width elementor-widget elementor-widget-icon-list\" data-id=\"ffe678f\" data-element_type=\"widget\" data-e-type=\"widget\" data-widget_type=\"icon-list.default\">\n\t\t\t\t\t\t\t<ul class=\"elementor-icon-list-items\">\n\t\t\t\t\t\t\t<li class=\"elementor-icon-list-item\">\n\t\t\t\t\t\t\t\t\t\t\t<span class=\"elementor-icon-list-icon\">\n\t\t\t\t\t\t\t<svg aria-hidden=\"true\" class=\"e-font-icon-svg e-fas-check\" viewBox=\"0 0 512 512\" xmlns=\"http:\/\/www.w3.org\/2000\/svg\"><path d=\"M173.898 439.404l-166.4-166.4c-9.997-9.997-9.997-26.206 0-36.204l36.203-36.204c9.997-9.998 26.207-9.998 36.204 0L192 312.69 432.095 72.596c9.997-9.997 26.207-9.997 36.204 0l36.203 36.204c9.997 9.997 9.997 26.206 0 36.204l-294.4 294.401c-9.998 9.997-26.207 9.997-36.204-.001z\"><\/path><\/svg>\t\t\t\t\t\t<\/span>\n\t\t\t\t\t\t\t\t\t\t<span class=\"elementor-icon-list-text\">Exklusives Netzwerk \u2013 Zugang zu ernsthaften lokalen und internationalen K\u00e4ufern \u00fcber vertrauensw\u00fcrdige Immobilienplattformen.<br><\/span>\n\t\t\t\t\t\t\t\t\t<\/li>\n\t\t\t\t\t\t\t\t<li class=\"elementor-icon-list-item\">\n\t\t\t\t\t\t\t\t\t\t\t<span class=\"elementor-icon-list-icon\">\n\t\t\t\t\t\t\t<svg aria-hidden=\"true\" class=\"e-font-icon-svg e-fas-check\" viewBox=\"0 0 512 512\" xmlns=\"http:\/\/www.w3.org\/2000\/svg\"><path d=\"M173.898 439.404l-166.4-166.4c-9.997-9.997-9.997-26.206 0-36.204l36.203-36.204c9.997-9.998 26.207-9.998 36.204 0L192 312.69 432.095 72.596c9.997-9.997 26.207-9.997 36.204 0l36.203 36.204c9.997 9.997 9.997 26.206 0 36.204l-294.4 294.401c-9.998 9.997-26.207 9.997-36.204-.001z\"><\/path><\/svg>\t\t\t\t\t\t<\/span>\n\t\t\t\t\t\t\t\t\t\t<span class=\"elementor-icon-list-text\">Vollst\u00e4ndige Betreuung \u2013 Von der Vorbereitung Ihrer Immobilie bis zur Verhandlung des endg\u00fcltigen Angebots wird jeder Schritt sorgf\u00e4ltig durchgef\u00fchrt.<br><\/span>\n\t\t\t\t\t\t\t\t\t<\/li>\n\t\t\t\t\t\t\t\t<li class=\"elementor-icon-list-item\">\n\t\t\t\t\t\t\t\t\t\t\t<span class=\"elementor-icon-list-icon\">\n\t\t\t\t\t\t\t<svg aria-hidden=\"true\" class=\"e-font-icon-svg e-fas-check\" viewBox=\"0 0 512 512\" xmlns=\"http:\/\/www.w3.org\/2000\/svg\"><path d=\"M173.898 439.404l-166.4-166.4c-9.997-9.997-9.997-26.206 0-36.204l36.203-36.204c9.997-9.998 26.207-9.998 36.204 0L192 312.69 432.095 72.596c9.997-9.997 26.207-9.997 36.204 0l36.203 36.204c9.997 9.997 9.997 26.206 0 36.204l-294.4 294.401c-9.998 9.997-26.207 9.997-36.204-.001z\"><\/path><\/svg>\t\t\t\t\t\t<\/span>\n\t\t\t\t\t\t\t\t\t\t<span class=\"elementor-icon-list-text\">Genaue Bewertung \u2013 Erhalten Sie eine detaillierte Immobilienanalyse basierend auf aktuellen Markttrends und Standortinformationen.<br><\/span>\n\t\t\t\t\t\t\t\t\t<\/li>\n\t\t\t\t\t\t\t\t<li class=\"elementor-icon-list-item\">\n\t\t\t\t\t\t\t\t\t\t\t<span class=\"elementor-icon-list-icon\">\n\t\t\t\t\t\t\t<svg aria-hidden=\"true\" class=\"e-font-icon-svg e-fas-check\" viewBox=\"0 0 512 512\" xmlns=\"http:\/\/www.w3.org\/2000\/svg\"><path d=\"M173.898 439.404l-166.4-166.4c-9.997-9.997-9.997-26.206 0-36.204l36.203-36.204c9.997-9.998 26.207-9.998 36.204 0L192 312.69 432.095 72.596c9.997-9.997 26.207-9.997 36.204 0l36.203 36.204c9.997 9.997 9.997 26.206 0 36.204l-294.4 294.401c-9.998 9.997-26.207 9.997-36.204-.001z\"><\/path><\/svg>\t\t\t\t\t\t<\/span>\n\t\t\t\t\t\t\t\t\t\t<span class=\"elementor-icon-list-text\">Ma\u00dfgeschneiderte Marketingstrategie \u2013 Professionelle Fotografie, Luftvideoaufnahmen und internationale Angebotspr\u00e4senz.<br><\/span>\n\t\t\t\t\t\t\t\t\t<\/li>\n\t\t\t\t\t\t<\/ul>\n\t\t\t\t\t\t<\/div>\n\t\t\t\t<\/div>\n\t\t\t\t<\/div>\n\t\t<div class=\"elementor-element elementor-element-b6ddae0 e-con-full e-flex e-con e-child\" data-id=\"b6ddae0\" data-element_type=\"container\" data-e-type=\"container\">\n\t\t\t\t<div class=\"elementor-element elementor-element-6bc3b21 elementor-widget elementor-widget-image\" data-id=\"6bc3b21\" data-element_type=\"widget\" data-e-type=\"widget\" data-widget_type=\"image.default\">\n\t\t\t\t\t\t\t\t\t\t\t\t\t\t\t<img decoding=\"async\" width=\"787\" height=\"592\" src=\"https:\/\/ilist.devstagings.com\/wp-content\/uploads\/2025\/11\/Image-container-1.png\" class=\"attachment-large size-large wp-image-19966\" alt=\"\" \/>\t\t\t\t\t\t\t\t\t\t\t\t\t\t\t<\/div>\n\t\t\t\t<\/div>\n\t\t\t\t<\/div>\n\t\t<div class=\"elementor-element elementor-element-62f59bd e-flex e-con-boxed e-con e-parent\" data-id=\"62f59bd\" data-element_type=\"container\" data-e-type=\"container\" data-settings=\"{&quot;background_background&quot;:&quot;classic&quot;}\">\n\t\t\t\t\t<div class=\"e-con-inner\">\n\t\t\t\t<div class=\"elementor-element elementor-element-282a27e elementor-widget elementor-widget-heading\" data-id=\"282a27e\" data-element_type=\"widget\" data-e-type=\"widget\" data-widget_type=\"heading.default\">\n\t\t\t\t\t<h2 class=\"elementor-heading-title elementor-size-default\">Fordern Sie eine kostenlose Immobilienbewertung an<br><\/h2>\t\t\t\t<\/div>\n\t\t\t\t<div class=\"elementor-element elementor-element-3893eae elementor-widget__width-initial elementor-widget elementor-widget-text-editor\" data-id=\"3893eae\" data-element_type=\"widget\" data-e-type=\"widget\" data-widget_type=\"text-editor.default\">\n\t\t\t\t\t\t\t\t\t<p>Bereit herauszufinden, was Ihr Zuhause wert ist?<br> F\u00fcllen Sie das untenstehende Formular aus, und Susans Team wird sich mit einem personalisierten Bewertungsbericht und Verkaufsstrategie bei Ihnen melden.<\/p>\t\t\t\t\t\t\t\t<\/div>\n\t\t\t\t\t<\/div>\n\t\t\t\t<\/div>\n\t\t\t\t<\/div>\n\t\t","protected":false},"excerpt":{"rendered":"<p>Verkaufen mit Susan Ihr Zuhause verdient die beste Vertretung Warum mit Susan Jameson verkaufen Mit \u00fcber 300 Millionen \u20ac Umsatz in ihrer Karriere und einem un\u00fcbertroffenen Ruf in ganz Halkidiki bringt Susan Jameson Expertise, Marktkenntnis und pers\u00f6nliche Betreuung in jede Transaktion ein. Ihre Ergebnisse sprechen f\u00fcr sich \u2014 rekordverd\u00e4chtige Verk\u00e4ufe, wiederkehrende Kunden und Immobilien, die [&hellip;]<\/p>\n","protected":false},"author":1,"featured_media":0,"parent":0,"menu_order":0,"comment_status":"closed","ping_status":"closed","template":"","meta":{"_acf_changed":false,"footnotes":""},"class_list":["post-19982","page","type-page","status-publish","hentry"],"acf":[],"_links":{"self":[{"href":"https:\/\/ilist.devstagings.com\/de\/wp-json\/wp\/v2\/pages\/19982","targetHints":{"allow":["GET"]}}],"collection":[{"href":"https:\/\/ilist.devstagings.com\/de\/wp-json\/wp\/v2\/pages"}],"about":[{"href":"https:\/\/ilist.devstagings.com\/de\/wp-json\/wp\/v2\/types\/page"}],"author":[{"embeddable":true,"href":"https:\/\/ilist.devstagings.com\/de\/wp-json\/wp\/v2\/users\/1"}],"replies":[{"embeddable":true,"href":"https:\/\/ilist.devstagings.com\/de\/wp-json\/wp\/v2\/comments?post=19982"}],"version-history":[{"count":5,"href":"https:\/\/ilist.devstagings.com\/de\/wp-json\/wp\/v2\/pages\/19982\/revisions"}],"predecessor-version":[{"id":23014,"href":"https:\/\/ilist.devstagings.com\/de\/wp-json\/wp\/v2\/pages\/19982\/revisions\/23014"}],"wp:attachment":[{"href":"https:\/\/ilist.devstagings.com\/de\/wp-json\/wp\/v2\/media?parent=19982"}],"curies":[{"name":"wp","href":"https:\/\/api.w.org\/{rel}","templated":true}]}}