{"id":19928,"date":"2025-10-24T12:35:50","date_gmt":"2025-10-24T12:35:50","guid":{"rendered":"https:\/\/ilist.devstagings.com\/ueber-uns\/"},"modified":"2026-03-06T11:13:41","modified_gmt":"2026-03-06T11:13:41","slug":"ueber-uns","status":"publish","type":"page","link":"https:\/\/ilist.devstagings.com\/de\/ueber-uns\/","title":{"rendered":"\u00dcber uns"},"content":{"rendered":"\t\t<div data-elementor-type=\"wp-page\" data-elementor-id=\"19928\" class=\"elementor elementor-19928 elementor-415\" data-elementor-post-type=\"page\">\n\t\t\t\t<div class=\"elementor-element elementor-element-9abba89 e-flex e-con-boxed e-con e-parent\" data-id=\"9abba89\" data-element_type=\"container\" data-e-type=\"container\" data-settings=\"{&quot;background_background&quot;:&quot;classic&quot;}\">\n\t\t\t\t\t<div class=\"e-con-inner\">\n\t\t\t\t<div class=\"elementor-element elementor-element-dc3a3cd elementor-widget elementor-widget-heading\" data-id=\"dc3a3cd\" data-element_type=\"widget\" data-e-type=\"widget\" data-widget_type=\"heading.default\">\n\t\t\t\t\t<h2 class=\"elementor-heading-title elementor-size-default\">Susan Jameson<\/h2>\t\t\t\t<\/div>\n\t\t\t\t<div class=\"elementor-element elementor-element-eca8815 elementor-widget__width-initial elementor-widget elementor-widget-text-editor\" data-id=\"eca8815\" data-element_type=\"widget\" data-e-type=\"widget\" data-widget_type=\"text-editor.default\">\n\t\t\t\t\t\t\t\t\t<p>Halkidikis f\u00fchrende Immobilienmaklerin \u2014 \u00fcber 300 Millionen \u20ac Karriereumsatz<\/p>\t\t\t\t\t\t\t\t<\/div>\n\t\t\t\t\t<\/div>\n\t\t\t\t<\/div>\n\t\t<div class=\"elementor-element elementor-element-e01bfa0 e-flex e-con-boxed e-con e-parent\" data-id=\"e01bfa0\" data-element_type=\"container\" data-e-type=\"container\">\n\t\t\t\t\t<div class=\"e-con-inner\">\n\t\t<div class=\"elementor-element elementor-element-01232bf e-con-full elementor-hidden-mobile e-flex e-con e-child\" data-id=\"01232bf\" data-element_type=\"container\" data-e-type=\"container\">\n\t\t\t\t<\/div>\n\t\t<div class=\"elementor-element elementor-element-ee1db81 e-con-full e-flex e-con e-child\" data-id=\"ee1db81\" data-element_type=\"container\" data-e-type=\"container\">\n\t\t\t\t<div class=\"elementor-element elementor-element-b9266d9 elementor-widget elementor-widget-heading\" data-id=\"b9266d9\" data-element_type=\"widget\" data-e-type=\"widget\" data-widget_type=\"heading.default\">\n\t\t\t\t\t<h2 class=\"elementor-heading-title elementor-size-default\">Lernen Sie mich kennen<\/h2>\t\t\t\t<\/div>\n\t\t\t\t<div class=\"elementor-element elementor-element-119ab24 elementor-widget-divider--view-line elementor-widget elementor-widget-divider\" data-id=\"119ab24\" data-element_type=\"widget\" data-e-type=\"widget\" data-widget_type=\"divider.default\">\n\t\t\t\t\t\t\t<div class=\"elementor-divider\">\n\t\t\t<span class=\"elementor-divider-separator\">\n\t\t\t\t\t\t<\/span>\n\t\t<\/div>\n\t\t\t\t\t\t<\/div>\n\t\t\t\t<div class=\"elementor-element elementor-element-7dcf48b elementor-widget__width-initial elementor-widget elementor-widget-text-editor\" data-id=\"7dcf48b\" data-element_type=\"widget\" data-e-type=\"widget\" data-widget_type=\"text-editor.default\">\n\t\t\t\t\t\t\t\t\t<p>Geboren und aufgewachsen in Griechenland, entwickelte Susan schon fr\u00fch eine tiefe Wertsch\u00e4tzung f\u00fcr Architektur und das Leben an der K\u00fcste.<br> Nach dem Studium in Betriebswirtschaft und Marketing begann sie Anfang der 2000er-Jahre ihre Karriere im Immobilienbereich \u2014 und erlangte schnell Anerkennung f\u00fcr ihre Professionalit\u00e4t, Kundenbetreuung und unvergleichliche lokale Expertise.<br> Heute leitet sie Susan Jameson Estates mit einem Fokus auf Ehrlichkeit, Transparenz und ma\u00dfgeschneiderte Dienstleistungen f\u00fcr lokale und internationale Kunden.<br> Ihr Netzwerk reicht \u00fcber Entwickler, Architekten und Investoren in ganz Europa, sodass sie einen wirklich globalen Ansatz mit pers\u00f6nlicher Note bieten kann.<br><\/p>\t\t\t\t\t\t\t\t<\/div>\n\t\t\t\t<div class=\"elementor-element elementor-element-4db33c8 elementor-widget elementor-widget-heading\" data-id=\"4db33c8\" data-element_type=\"widget\" data-e-type=\"widget\" data-widget_type=\"heading.default\">\n\t\t\t\t\t<h2 class=\"elementor-heading-title elementor-size-default\">\u201eJedes Zuhause hat eine Seele. Meine Mission ist es, Ihnen zu helfen, dasjenige zu finden, das sich wie Ihres anf\u00fchlt.\u201c<\/h2>\t\t\t\t<\/div>\n\t\t\t\t<\/div>\n\t\t\t\t\t<\/div>\n\t\t\t\t<\/div>\n\t\t<div class=\"elementor-element elementor-element-fc6c1e0 e-flex e-con-boxed e-con e-parent\" data-id=\"fc6c1e0\" data-element_type=\"container\" data-e-type=\"container\">\n\t\t\t\t\t<div class=\"e-con-inner\">\n\t\t<div class=\"elementor-element elementor-element-ec13da3 e-con-full e-flex e-con e-child\" data-id=\"ec13da3\" data-element_type=\"container\" data-e-type=\"container\">\n\t\t\t\t<div class=\"elementor-element elementor-element-36bd344 elementor-widget elementor-widget-image\" data-id=\"36bd344\" data-element_type=\"widget\" data-e-type=\"widget\" data-widget_type=\"image.default\">\n\t\t\t\t\t\t\t\t\t\t\t\t\t\t\t<img fetchpriority=\"high\" decoding=\"async\" width=\"2194\" height=\"2560\" src=\"https:\/\/ilist.devstagings.com\/wp-content\/uploads\/2025\/10\/Placeholder-Image-1-scaled.webp\" class=\"attachment-full size-full wp-image-19696\" alt=\"\" \/>\t\t\t\t\t\t\t\t\t\t\t\t\t\t\t<\/div>\n\t\t\t\t<\/div>\n\t\t<div class=\"elementor-element elementor-element-fbaf764 e-con-full elementor-hidden-tablet elementor-hidden-mobile e-flex e-con e-child\" data-id=\"fbaf764\" data-element_type=\"container\" data-e-type=\"container\">\n\t\t\t\t<\/div>\n\t\t\t\t\t<\/div>\n\t\t\t\t<\/div>\n\t\t<div class=\"elementor-element elementor-element-d5e3ae5 e-flex e-con-boxed e-con e-parent\" data-id=\"d5e3ae5\" data-element_type=\"container\" data-e-type=\"container\" data-settings=\"{&quot;background_background&quot;:&quot;classic&quot;}\">\n\t\t\t\t\t<div class=\"e-con-inner\">\n\t\t\t\t<div class=\"elementor-element elementor-element-3bd5821 elementor-widget elementor-widget-heading\" data-id=\"3bd5821\" data-element_type=\"widget\" data-e-type=\"widget\" data-widget_type=\"heading.default\">\n\t\t\t\t\t<h2 class=\"elementor-heading-title elementor-size-default\">\u201eUNSER ZIEL IST NICHT, DAS GR\u00d6\u00dfTE ZU SEIN, SONDERN DAS BESTE.\u201c<\/h2>\t\t\t\t<\/div>\n\t\t\t\t<div class=\"elementor-element elementor-element-1dd2573 elementor-widget elementor-widget-text-editor\" data-id=\"1dd2573\" data-element_type=\"widget\" data-e-type=\"widget\" data-widget_type=\"text-editor.default\">\n\t\t\t\t\t\t\t\t\t<p>Lassen Sie mich Ihnen pers\u00f6nlich danken, dass Sie unsere Website besucht und sich die Zeit genommen haben, mehr \u00fcber das Real Estate Center &#8211; Susan Jameson zu erfahren. Wir freuen uns auf die Gelegenheit, Ihre Zeit gut zu nutzen, indem wir Ihre Immobilienbed\u00fcrfnisse erf\u00fcllen und den h\u00f6chstm\u00f6glichen Service und die besten Ergebnisse bieten, die Sie je erlebt haben.<\/p><p>Als ich das Real Estate Center gr\u00fcndete, war es mein Ziel, eine Umgebung von Professionalit\u00e4t und Verantwortlichkeit zu schaffen. Ein Unternehmen, das in der Lage ist, die strengsten Anforderungen jedes einzelnen Kunden in Bezug auf ihre Immobilienbed\u00fcrfnisse zu erf\u00fcllen. Ein Unternehmen, das auf Integrit\u00e4t, Energie und Tatkraft aufgebaut ist \u2014 mit dem Ziel, 100% Kundenzufriedenheit zu erreichen.<\/p><p>Ich bin gl\u00fccklich und stolz sagen zu k\u00f6nnen, dass wir im Real Estate Center &#8211; Susan Jameson in den letzten 27 Jahren nicht nur diese Erwartungen erf\u00fcllen konnten, sondern sie auch \u00fcbertroffen haben. W\u00e4hrend die Immobilienbranche weiter w\u00e4chst und sich entwickelt, sind wir mit ihr gewachsen, indem wir ein breiteres globales Netzwerk von Dienstleistungen und Kontakten aufgebaut haben, um unsere Kunden besser zu betreuen.<\/p><p>Lassen Sie mich sagen, dass ohne unsere gro\u00dfartigen Kollegen, Makler und Mitarbeiter des Real Estate Center &#8211; Susan Jameson nichts erreicht werden k\u00f6nnte. Wir arbeiten alle als Team, kooperieren, arbeiten hart und helfen einander, aber vor allem lieben und genie\u00dfen wir unsere Arbeit, was uns das Gef\u00fchl gibt, eine Familie zu sein.<br> Wir alle sind bestrebt, Ihre Erwartungen zu \u00fcbertreffen, indem wir daf\u00fcr sorgen, dass Sie sich bei jedem Schritt vollkommen wohl f\u00fchlen.<br> Lassen Sie mich Ihnen allen Erfolg und Wohlstand w\u00fcnschen, den das Leben bieten kann, und nochmals danke, dass Sie dem Real Estate Center &#8211; Susan Jameson Ihr Vertrauen geschenkt haben.<br><\/p>\t\t\t\t\t\t\t\t<\/div>\n\t\t<div class=\"elementor-element elementor-element-943017a e-con-full e-flex e-con e-child\" data-id=\"943017a\" data-element_type=\"container\" data-e-type=\"container\">\n\t\t<div class=\"elementor-element elementor-element-4bd7c5e e-con-full e-flex e-con e-child\" data-id=\"4bd7c5e\" data-element_type=\"container\" data-e-type=\"container\">\n\t\t\t\t<div class=\"elementor-element elementor-element-a6aab9f elementor-widget elementor-widget-heading\" data-id=\"a6aab9f\" data-element_type=\"widget\" data-e-type=\"widget\" data-widget_type=\"heading.default\">\n\t\t\t\t\t<h2 class=\"elementor-heading-title elementor-size-default\">Ein Gespr\u00e4ch mit Susan<\/h2>\t\t\t\t<\/div>\n\t\t\t\t<div class=\"elementor-element elementor-element-8fd44e8 elementor-widget-divider--view-line elementor-widget elementor-widget-divider\" data-id=\"8fd44e8\" data-element_type=\"widget\" data-e-type=\"widget\" data-widget_type=\"divider.default\">\n\t\t\t\t\t\t\t<div class=\"elementor-divider\">\n\t\t\t<span class=\"elementor-divider-separator\">\n\t\t\t\t\t\t<\/span>\n\t\t<\/div>\n\t\t\t\t\t\t<\/div>\n\t\t\t\t<\/div>\n\t\t\t\t<\/div>\n\t\t\t\t<div class=\"elementor-element elementor-element-d99622e elementor-widget elementor-widget-image\" data-id=\"d99622e\" data-element_type=\"widget\" data-e-type=\"widget\" data-widget_type=\"image.default\">\n\t\t\t\t\t\t\t\t\t\t\t\t\t\t\t<img decoding=\"async\" width=\"2560\" height=\"1708\" src=\"https:\/\/ilist.devstagings.com\/wp-content\/uploads\/2026\/03\/PIC_01-scaled-1.jpg\" class=\"attachment-full size-full wp-image-22663\" alt=\"\" \/>\t\t\t\t\t\t\t\t\t\t\t\t\t\t\t<\/div>\n\t\t\t\t\t<\/div>\n\t\t\t\t<\/div>\n\t\t\t\t<\/div>\n\t\t","protected":false},"excerpt":{"rendered":"<p>Susan Jameson Halkidikis f\u00fchrende Immobilienmaklerin \u2014 \u00fcber 300 Millionen \u20ac Karriereumsatz Lernen Sie mich kennen Geboren und aufgewachsen in Griechenland, entwickelte Susan schon fr\u00fch eine tiefe Wertsch\u00e4tzung f\u00fcr Architektur und das Leben an der K\u00fcste. Nach dem Studium in Betriebswirtschaft und Marketing begann sie Anfang der 2000er-Jahre ihre Karriere im Immobilienbereich \u2014 und erlangte schnell [&hellip;]<\/p>\n","protected":false},"author":1,"featured_media":0,"parent":0,"menu_order":0,"comment_status":"closed","ping_status":"closed","template":"elementor_header_footer","meta":{"_acf_changed":false,"footnotes":""},"class_list":["post-19928","page","type-page","status-publish","hentry"],"acf":[],"_links":{"self":[{"href":"https:\/\/ilist.devstagings.com\/de\/wp-json\/wp\/v2\/pages\/19928","targetHints":{"allow":["GET"]}}],"collection":[{"href":"https:\/\/ilist.devstagings.com\/de\/wp-json\/wp\/v2\/pages"}],"about":[{"href":"https:\/\/ilist.devstagings.com\/de\/wp-json\/wp\/v2\/types\/page"}],"author":[{"embeddable":true,"href":"https:\/\/ilist.devstagings.com\/de\/wp-json\/wp\/v2\/users\/1"}],"replies":[{"embeddable":true,"href":"https:\/\/ilist.devstagings.com\/de\/wp-json\/wp\/v2\/comments?post=19928"}],"version-history":[{"count":5,"href":"https:\/\/ilist.devstagings.com\/de\/wp-json\/wp\/v2\/pages\/19928\/revisions"}],"predecessor-version":[{"id":22903,"href":"https:\/\/ilist.devstagings.com\/de\/wp-json\/wp\/v2\/pages\/19928\/revisions\/22903"}],"wp:attachment":[{"href":"https:\/\/ilist.devstagings.com\/de\/wp-json\/wp\/v2\/media?parent=19928"}],"curies":[{"name":"wp","href":"https:\/\/api.w.org\/{rel}","templated":true}]}}